{"id":1494,"date":"2022-03-04T03:44:55","date_gmt":"2022-03-04T03:44:55","guid":{"rendered":"https:\/\/beeznis.rs\/?page_id=1494"},"modified":"2024-06-12T14:57:31","modified_gmt":"2024-06-12T14:57:31","slug":"contact","status":"publish","type":"page","link":"https:\/\/beeznis.rs\/?page_id=1494","title":{"rendered":"Kontakt"},"content":{"rendered":"\n<div class=\"wp-block-uagb-container uagb-block-d1eb7ce0 alignfull uagb-is-root-container\"><div class=\"uagb-container-inner-blocks-wrap\">\n<div class=\"wp-block-uagb-info-box uagb-block-39af8579 uagb-infobox__content-wrap  uagb-infobox-icon-above-title uagb-infobox-image-valign-top\"><div class=\"uagb-ifb-content\"><div class=\"uagb-ifb-title-wrap\"><span class=\"uagb-ifb-title-prefix\">Kontaktirajte nas\u200b<\/span><h4 class=\"uagb-ifb-title\">i prona\u0111ite pravo re\u0161enje\u200b<\/h4><\/div><p class=\"uagb-ifb-desc\">Po\u0161aljite nam upit i o\u010dekujte odgovor na\u0161eg stru\u010dnog tima u najkra\u0107em roku<\/p><\/div><\/div>\n<\/div><\/div>\n\n\n\n<div class=\"wp-block-uagb-container uagb-block-43008b68 alignfull uagb-is-root-container\"><div class=\"uagb-container-inner-blocks-wrap\">\n<div class=\"wp-block-uagb-container uagb-block-00feabc6\">\n<div class=\"wp-block-uagb-advanced-heading uagb-block-e7c4dedd\"><h3 class=\"uagb-heading-text\">Po\u0161aljite upit<\/h3><\/div>\n\n\n\n<div class=\"wp-block-uagb-container uagb-block-3ab45bfc\">\n<div class=\"wp-block-uagb-container uagb-block-affb256b\">\n<div class=\"wp-block-uagb-forms uagb-forms__outer-wrap uagb-block-b68c1fc9 uagb-forms__default-btn\"><form class=\"uagb-forms-main-form\" method=\"post\" autocomplete=\"on\" name=\"uagb-form-b68c1fc9\">\n<div class=\"wp-block-uagb-forms-name uagb-forms-name-wrap uagb-forms-field-set uagb-block-ff22d8f8\"><div class=\"uagb-forms-name-label  uagb-forms-input-label\" id=\"ff22d8f8\">First Name<\/div><input type=\"text\" placeholder=\"Va\u0161e ime\" class=\"uagb-forms-name-input uagb-forms-input\" name=\"ff22d8f8\" autocomplete=\"given-name\"\/><\/div>\n\n\n\n<div class=\"wp-block-uagb-forms-email uagb-forms-email-wrap uagb-forms-field-set uagb-block-bdf6fa0b\"><div class=\"uagb-forms-email-label  uagb-forms-input-label\" id=\"bdf6fa0b\">Email<\/div><input type=\"email\" class=\"uagb-forms-email-input uagb-forms-input\" placeholder=\" email*\" name=\"bdf6fa0b\" autocomplete=\"email\"\/><\/div>\n\n\n\n<div class=\"wp-block-uagb-forms-textarea uagb-forms-textarea-wrap uagb-forms-field-set uagb-block-f766f052\"><div class=\"uagb-forms-textarea-label required uagb-forms-input-label\" id=\"f766f052\">Message<\/div><textarea required class=\"uagb-forms-textarea-input uagb-forms-input\" rows=\"4\" placeholder=\"Va\u0161a poruka\" name=\"f766f052\" autocomplete=\"off\"><\/textarea><\/div>\n<div class=\"uagb-forms-form-hidden-data\"><input type=\"hidden\" class=\"uagb_forms_form_label\" value=\"Spectra Form\"\/><input type=\"hidden\" class=\"uagb_forms_form_id\" value=\"uagb-form-b68c1fc9\"\/><\/div><div class=\"uagb-form-reacaptcha-error-b68c1fc9\"><\/div><div class=\"uagb-forms-main-submit-button-wrap wp-block-button\"><button class=\"uagb-forms-main-submit-button wp-block-button__link\"><div class=\"uagb-forms-main-submit-button-text\">Potvrdi<\/div><\/button><\/div><\/form><div class=\"uagb-forms-success-message-b68c1fc9 uagb-forms-submit-message-hide\"><span>Va\u0161a poruka je uspe\u0161no poslata! O\u010dekujte odgovor brzo.<\/span><\/div><div class=\"uagb-forms-failed-message-b68c1fc9 uagb-forms-submit-message-hide\"><span>There has been some error while submitting the form. Please verify all form fields again.<\/span><\/div><\/div>\n<\/div>\n\n\n\n<div class=\"wp-block-uagb-container uagb-block-fa9f5151\">\t\t\t<div \n\t\t\tclass=\"wp-block-uagb-google-map uagb-google-map__wrap uagb-block-897781c6     \"\n\t\t\tstyle=\"\" >\n\t\t\t\t<embed\n\t\t\t\t\tclass=\"uagb-google-map__iframe\"\n\t\t\t\t\ttitle=\"Google Map for \"\n\t\t\t\t\tsrc=\"https:\/\/maps.google.com\/maps?q=Reljkoviceva%2014%2C%20Petrovaradin&z=14&hl=en&t=m&output=embed&iwloc=near\"\n\t\t\t\t\twidth=\"640\"\n\t\t\t\t\theight=\"460\"\n\t\t\t\t\tloading=\"lazy\"\n\t\t\t\t><\/embed>\n\t\t\t<\/div>\n\t\t\t<\/div>\n<\/div>\n<\/div>\n\n\n\n<div class=\"wp-block-uagb-container uagb-block-93378eb7\">\n<div class=\"wp-block-uagb-advanced-heading uagb-block-3ad686a3\"><p class=\"uagb-desc-text\"><strong>Na\u0161e sedi\u0161te\u200b<\/strong><\/p><\/div>\n\n\n\n<div class=\"wp-block-uagb-info-box uagb-block-0e826b7e uagb-infobox__content-wrap  uagb-infobox-icon-left uagb-infobox-left uagb-infobox-image-valign-middle\"><div class=\"uagb-ifb-icon-wrap\"><svg xmlns=\"https:\/\/www.w3.org\/2000\/svg\" viewBox=\"0 0 384 512\"><path d=\"M168.3 499.2C116.1 435 0 279.4 0 192C0 85.96 85.96 0 192 0C298 0 384 85.96 384 192C384 279.4 267 435 215.7 499.2C203.4 514.5 180.6 514.5 168.3 499.2H168.3zM192 256C227.3 256 256 227.3 256 192C256 156.7 227.3 128 192 128C156.7 128 128 156.7 128 192C128 227.3 156.7 256 192 256z\"><\/path><\/svg><\/div><div class=\"uagb-ifb-content\"><div class=\"uagb-ifb-title-wrap\"><\/div><p class=\"uagb-ifb-desc\">Reljkovi\u0107eva 14, 21131 Petrovaradin, Serbia<\/p><\/div><\/div>\n\n\n\n<div class=\"wp-block-uagb-info-box uagb-block-4d057d1b uagb-infobox__content-wrap  uagb-infobox-icon-left uagb-infobox-left uagb-infobox-image-valign-middle\"><div class=\"uagb-ifb-icon-wrap\"><svg xmlns=\"https:\/\/www.w3.org\/2000\/svg\" viewBox=\"0 0 512 512\"><path d=\"M464 64C490.5 64 512 85.49 512 112C512 127.1 504.9 141.3 492.8 150.4L275.2 313.6C263.8 322.1 248.2 322.1 236.8 313.6L19.2 150.4C7.113 141.3 0 127.1 0 112C0 85.49 21.49 64 48 64H464zM217.6 339.2C240.4 356.3 271.6 356.3 294.4 339.2L512 176V384C512 419.3 483.3 448 448 448H64C28.65 448 0 419.3 0 384V176L217.6 339.2z\"><\/path><\/svg><\/div><div class=\"uagb-ifb-content\"><div class=\"uagb-ifb-title-wrap\"><\/div><p class=\"uagb-ifb-desc\">office@beeznis.rs<\/p><\/div><\/div>\n\n\n\n<div class=\"wp-block-uagb-info-box uagb-block-d600e8de uagb-infobox__content-wrap  uagb-infobox-icon-left uagb-infobox-left uagb-infobox-image-valign-middle\"><div class=\"uagb-ifb-icon-wrap\"><svg xmlns=\"https:\/\/www.w3.org\/2000\/svg\" viewBox=\"0 0 512 512\"><path d=\"M284.6 181.9c-10.28-8.344-25.41-6.875-33.75 3.406C242.4 195.6 243.9 210.7 254.2 219.1c11.31 9.25 17.81 22.69 17.81 36.87c0 14.19-6.5 27.62-17.81 36.87c-10.28 8.406-11.78 23.53-3.375 33.78c4.719 5.812 11.62 8.812 18.56 8.812c5.344 0 10.75-1.781 15.19-5.406c22.53-18.44 35.44-45.4 35.44-74.05S307.1 200.4 284.6 181.9zM345.1 107.1c-10.22-8.344-25.34-6.907-33.78 3.343c-8.406 10.25-6.906 25.37 3.344 33.78c33.88 27.78 53.31 68.18 53.31 110.9s-19.44 83.09-53.31 110.9c-10.25 8.406-11.75 23.53-3.344 33.78c4.75 5.781 11.62 8.781 18.56 8.781c5.375 0 10.75-1.781 15.22-5.438C390.2 367.1 416 313.1 416 255.1S390.2 144.9 345.1 107.1zM406.4 33.15c-10.22-8.344-25.34-6.875-33.78 3.344c-8.406 10.25-6.906 25.37 3.344 33.78C431.9 116.1 464 183.8 464 255.1s-32.09 139.9-88.06 185.7c-10.25 8.406-11.75 23.53-3.344 33.78c4.75 5.781 11.62 8.781 18.56 8.781c5.375 0 10.75-1.781 15.22-5.438C473.5 423.8 512 342.6 512 255.1S473.5 88.15 406.4 33.15zM151.3 174.6C161.1 175.6 172.1 169.5 176 159.6l33.75-84.38C214 64.35 209.1 51.1 200.2 45.86l-67.47-42.17C123.2-2.289 110.9-.8945 102.9 7.08C-34.32 144.3-34.31 367.7 102.9 504.9c7.982 7.984 20.22 9.379 29.75 3.402l67.48-42.19c9.775-6.104 13.9-18.47 9.598-29.3L176 352.5c-3.945-9.963-14.14-16.11-24.73-14.97l-53.24 5.314C78.89 286.7 78.89 225.4 98.06 169.3L151.3 174.6z\"><\/path><\/svg><\/div><div class=\"uagb-ifb-content\"><div class=\"uagb-ifb-title-wrap\"><\/div><p class=\"uagb-ifb-desc\">+381 65 5353624<\/p><\/div><\/div>\n<\/div>\n<\/div><\/div>\n\n\n\n<div class=\"wp-block-uagb-container uagb-block-b997312a alignfull uagb-is-root-container\"><div class=\"uagb-container-inner-blocks-wrap\">\n<div class=\"wp-block-uagb-container uagb-block-005fba1f\">\n<div class=\"wp-block-uagb-container uagb-block-45ea3adf\">\n<p><\/p>\n\n\n\n<div class=\"wp-block-uagb-advanced-heading uagb-block-12865cae\"><h3 class=\"uagb-heading-text\">\u017delite li na\u0161e re\u0161enje?<\/h3><p class=\"uagb-desc-text\">jednostavno nas kontaktirajte i zatra\u017eite re\u0161enje koje \u0107e podi\u0107i va\u0161e poslovanje na vi\u0161i nivo.<\/p><\/div>\n<\/div>\n\n\n\n<div class=\"wp-block-uagb-container uagb-block-0c3a0d7f\">\n<div class=\"wp-block-uagb-buttons uagb-buttons__outer-wrap uagb-btn__default-btn uagb-btn-tablet__default-btn uagb-btn-mobile__default-btn uagb-block-2c953428\"><div class=\"uagb-buttons__wrap uagb-buttons-layout-wrap \">\n<div class=\"wp-block-uagb-buttons-child uagb-buttons__outer-wrap uagb-block-8bb4b826 wp-block-button\"><div class=\"uagb-button__wrapper\"><a class=\"uagb-buttons-repeater wp-block-button__link\" aria-label=\"\" href=\"#\" rel=\"follow noopener\" target=\"_self\" role=\"button\"><div class=\"uagb-button__link\">Pozovite nas\u2026.<\/div><\/a><\/div><\/div>\n<\/div><\/div>\n<\/div>\n<\/div>\n<\/div><\/div>\n","protected":false},"excerpt":{"rendered":"<p>Po\u0161aljite upit Na\u0161e sedi\u0161te\u200b \u017delite li na\u0161e re\u0161enje? jednostavno nas kontaktirajte i zatra\u017eite re\u0161enje koje \u0107e podi\u0107i va\u0161e poslovanje na vi\u0161i nivo.<\/p>\n","protected":false},"author":1,"featured_media":0,"parent":0,"menu_order":0,"comment_status":"closed","ping_status":"closed","template":"","meta":{"_uag_custom_page_level_css":"","site-sidebar-layout":"no-sidebar","site-content-layout":"page-builder","ast-site-content-layout":"full-width-container","site-content-style":"unboxed","site-sidebar-style":"unboxed","ast-global-header-display":"","ast-banner-title-visibility":"","ast-main-header-display":"","ast-hfb-above-header-display":"","ast-hfb-below-header-display":"","ast-hfb-mobile-header-display":"","site-post-title":"disabled","ast-breadcrumbs-content":"","ast-featured-img":"disabled","footer-sml-layout":"","theme-transparent-header-meta":"enabled","adv-header-id-meta":"","stick-header-meta":"","header-above-stick-meta":"","header-main-stick-meta":"","header-below-stick-meta":"","astra-migrate-meta-layouts":"set","ast-page-background-enabled":"default","ast-page-background-meta":{"desktop":{"background-color":"var(--ast-global-color-4)","background-image":"","background-repeat":"repeat","background-position":"center center","background-size":"auto","background-attachment":"scroll","background-type":"","background-media":"","overlay-type":"","overlay-color":"","overlay-opacity":"","overlay-gradient":""},"tablet":{"background-color":"","background-image":"","background-repeat":"repeat","background-position":"center center","background-size":"auto","background-attachment":"scroll","background-type":"","background-media":"","overlay-type":"","overlay-color":"","overlay-opacity":"","overlay-gradient":""},"mobile":{"background-color":"","background-image":"","background-repeat":"repeat","background-position":"center center","background-size":"auto","background-attachment":"scroll","background-type":"","background-media":"","overlay-type":"","overlay-color":"","overlay-opacity":"","overlay-gradient":""}},"ast-content-background-meta":{"desktop":{"background-color":"var(--ast-global-color-5)","background-image":"","background-repeat":"repeat","background-position":"center center","background-size":"auto","background-attachment":"scroll","background-type":"","background-media":"","overlay-type":"","overlay-color":"","overlay-opacity":"","overlay-gradient":""},"tablet":{"background-color":"var(--ast-global-color-5)","background-image":"","background-repeat":"repeat","background-position":"center center","background-size":"auto","background-attachment":"scroll","background-type":"","background-media":"","overlay-type":"","overlay-color":"","overlay-opacity":"","overlay-gradient":""},"mobile":{"background-color":"var(--ast-global-color-5)","background-image":"","background-repeat":"repeat","background-position":"center center","background-size":"auto","background-attachment":"scroll","background-type":"","background-media":"","overlay-type":"","overlay-color":"","overlay-opacity":"","overlay-gradient":""}},"footnotes":""},"yoast_head":"<!-- This site is optimized with the Yoast SEO plugin v22.8 - https:\/\/yoast.com\/wordpress\/plugins\/seo\/ -->\n<title>Izrada web sajtova i digitalni marketing BEEZNIS<\/title>\n<meta name=\"description\" content=\"Izrada web sajtova i digitalni marketing, uslu\u017eno vo\u0111enje profila na dru\u0161tvenim mre\u017eama, izrada loga i vizualnog identiteta, kreiranje marketing kampanja\" \/>\n<meta name=\"robots\" content=\"index, follow, max-snippet:-1, max-image-preview:large, max-video-preview:-1\" \/>\n<link rel=\"canonical\" href=\"https:\/\/beeznis.rs\/?page_id=1494\" \/>\n<meta property=\"og:locale\" content=\"sr_RS\" \/>\n<meta property=\"og:type\" content=\"article\" \/>\n<meta property=\"og:title\" content=\"Izrada web sajtova i digitalni marketing BEEZNIS\" \/>\n<meta property=\"og:description\" content=\"Izrada web sajtova i digitalni marketing, uslu\u017eno vo\u0111enje profila na dru\u0161tvenim mre\u017eama, izrada loga i vizualnog identiteta, kreiranje marketing kampanja\" \/>\n<meta property=\"og:url\" content=\"https:\/\/beeznis.rs\/?page_id=1494\" \/>\n<meta property=\"og:site_name\" content=\"Beeznis\" \/>\n<meta property=\"article:modified_time\" content=\"2024-06-12T14:57:31+00:00\" \/>\n<meta name=\"twitter:card\" content=\"summary_large_image\" \/>\n<meta name=\"twitter:label1\" content=\"Procenjeno vreme \u010ditanja\" \/>\n\t<meta name=\"twitter:data1\" content=\"1 minut\" \/>\n<script type=\"application\/ld+json\" class=\"yoast-schema-graph\">{\"@context\":\"https:\/\/schema.org\",\"@graph\":[{\"@type\":\"WebPage\",\"@id\":\"https:\/\/beeznis.rs\/?page_id=1494\",\"url\":\"https:\/\/beeznis.rs\/?page_id=1494\",\"name\":\"Izrada web sajtova i digitalni marketing BEEZNIS\",\"isPartOf\":{\"@id\":\"https:\/\/beeznis.rs\/#website\"},\"datePublished\":\"2022-03-04T03:44:55+00:00\",\"dateModified\":\"2024-06-12T14:57:31+00:00\",\"description\":\"Izrada web sajtova i digitalni marketing, uslu\u017eno vo\u0111enje profila na dru\u0161tvenim mre\u017eama, izrada loga i vizualnog identiteta, kreiranje marketing kampanja\",\"breadcrumb\":{\"@id\":\"https:\/\/beeznis.rs\/?page_id=1494#breadcrumb\"},\"inLanguage\":\"sr-RS\",\"potentialAction\":[{\"@type\":\"ReadAction\",\"target\":[\"https:\/\/beeznis.rs\/?page_id=1494\"]}]},{\"@type\":\"BreadcrumbList\",\"@id\":\"https:\/\/beeznis.rs\/?page_id=1494#breadcrumb\",\"itemListElement\":[{\"@type\":\"ListItem\",\"position\":1,\"name\":\"Po\u010detna\",\"item\":\"https:\/\/beeznis.rs\/\"},{\"@type\":\"ListItem\",\"position\":2,\"name\":\"Kontakt\"}]},{\"@type\":\"WebSite\",\"@id\":\"https:\/\/beeznis.rs\/#website\",\"url\":\"https:\/\/beeznis.rs\/\",\"name\":\"Beeznis digitalni marketing\",\"description\":\"Agencija za digitalni marketing\",\"publisher\":{\"@id\":\"https:\/\/beeznis.rs\/#organization\"},\"alternateName\":\"Izrada web sajtova i digitalni marketing\",\"potentialAction\":[{\"@type\":\"SearchAction\",\"target\":{\"@type\":\"EntryPoint\",\"urlTemplate\":\"https:\/\/beeznis.rs\/?s={search_term_string}\"},\"query-input\":\"required name=search_term_string\"}],\"inLanguage\":\"sr-RS\"},{\"@type\":\"Organization\",\"@id\":\"https:\/\/beeznis.rs\/#organization\",\"name\":\"Agencija za digitalni marketing BEEZNIS\",\"alternateName\":\"Izrada web sajtova i digitalni marketing\",\"url\":\"https:\/\/beeznis.rs\/\",\"logo\":{\"@type\":\"ImageObject\",\"inLanguage\":\"sr-RS\",\"@id\":\"https:\/\/beeznis.rs\/#\/schema\/logo\/image\/\",\"url\":\"https:\/\/beeznis.rs\/wp-content\/uploads\/2024\/01\/BEEZNIS.png\",\"contentUrl\":\"https:\/\/beeznis.rs\/wp-content\/uploads\/2024\/01\/BEEZNIS.png\",\"width\":500,\"height\":500,\"caption\":\"Agencija za digitalni marketing BEEZNIS\"},\"image\":{\"@id\":\"https:\/\/beeznis.rs\/#\/schema\/logo\/image\/\"}}]}<\/script>\n<!-- \/ Yoast SEO plugin. -->","yoast_head_json":{"title":"Izrada web sajtova i digitalni marketing BEEZNIS","description":"Izrada web sajtova i digitalni marketing, uslu\u017eno vo\u0111enje profila na dru\u0161tvenim mre\u017eama, izrada loga i vizualnog identiteta, kreiranje marketing kampanja","robots":{"index":"index","follow":"follow","max-snippet":"max-snippet:-1","max-image-preview":"max-image-preview:large","max-video-preview":"max-video-preview:-1"},"canonical":"https:\/\/beeznis.rs\/?page_id=1494","og_locale":"sr_RS","og_type":"article","og_title":"Izrada web sajtova i digitalni marketing BEEZNIS","og_description":"Izrada web sajtova i digitalni marketing, uslu\u017eno vo\u0111enje profila na dru\u0161tvenim mre\u017eama, izrada loga i vizualnog identiteta, kreiranje marketing kampanja","og_url":"https:\/\/beeznis.rs\/?page_id=1494","og_site_name":"Beeznis","article_modified_time":"2024-06-12T14:57:31+00:00","twitter_card":"summary_large_image","twitter_misc":{"Procenjeno vreme \u010ditanja":"1 minut"},"schema":{"@context":"https:\/\/schema.org","@graph":[{"@type":"WebPage","@id":"https:\/\/beeznis.rs\/?page_id=1494","url":"https:\/\/beeznis.rs\/?page_id=1494","name":"Izrada web sajtova i digitalni marketing BEEZNIS","isPartOf":{"@id":"https:\/\/beeznis.rs\/#website"},"datePublished":"2022-03-04T03:44:55+00:00","dateModified":"2024-06-12T14:57:31+00:00","description":"Izrada web sajtova i digitalni marketing, uslu\u017eno vo\u0111enje profila na dru\u0161tvenim mre\u017eama, izrada loga i vizualnog identiteta, kreiranje marketing kampanja","breadcrumb":{"@id":"https:\/\/beeznis.rs\/?page_id=1494#breadcrumb"},"inLanguage":"sr-RS","potentialAction":[{"@type":"ReadAction","target":["https:\/\/beeznis.rs\/?page_id=1494"]}]},{"@type":"BreadcrumbList","@id":"https:\/\/beeznis.rs\/?page_id=1494#breadcrumb","itemListElement":[{"@type":"ListItem","position":1,"name":"Po\u010detna","item":"https:\/\/beeznis.rs\/"},{"@type":"ListItem","position":2,"name":"Kontakt"}]},{"@type":"WebSite","@id":"https:\/\/beeznis.rs\/#website","url":"https:\/\/beeznis.rs\/","name":"Beeznis digitalni marketing","description":"Agencija za digitalni marketing","publisher":{"@id":"https:\/\/beeznis.rs\/#organization"},"alternateName":"Izrada web sajtova i digitalni marketing","potentialAction":[{"@type":"SearchAction","target":{"@type":"EntryPoint","urlTemplate":"https:\/\/beeznis.rs\/?s={search_term_string}"},"query-input":"required name=search_term_string"}],"inLanguage":"sr-RS"},{"@type":"Organization","@id":"https:\/\/beeznis.rs\/#organization","name":"Agencija za digitalni marketing BEEZNIS","alternateName":"Izrada web sajtova i digitalni marketing","url":"https:\/\/beeznis.rs\/","logo":{"@type":"ImageObject","inLanguage":"sr-RS","@id":"https:\/\/beeznis.rs\/#\/schema\/logo\/image\/","url":"https:\/\/beeznis.rs\/wp-content\/uploads\/2024\/01\/BEEZNIS.png","contentUrl":"https:\/\/beeznis.rs\/wp-content\/uploads\/2024\/01\/BEEZNIS.png","width":500,"height":500,"caption":"Agencija za digitalni marketing BEEZNIS"},"image":{"@id":"https:\/\/beeznis.rs\/#\/schema\/logo\/image\/"}}]}},"uagb_featured_image_src":{"full":false,"thumbnail":false,"medium":false,"medium_large":false,"large":false,"1536x1536":false,"2048x2048":false},"uagb_author_info":{"display_name":"admin","author_link":"https:\/\/beeznis.rs\/?author=1"},"uagb_comment_info":0,"uagb_excerpt":"Po\u0161aljite upit Na\u0161e sedi\u0161te\u200b \u017delite li na\u0161e re\u0161enje? jednostavno nas kontaktirajte i zatra\u017eite re\u0161enje koje \u0107e podi\u0107i va\u0161e poslovanje na vi\u0161i nivo.","_links":{"self":[{"href":"https:\/\/beeznis.rs\/index.php?rest_route=\/wp\/v2\/pages\/1494"}],"collection":[{"href":"https:\/\/beeznis.rs\/index.php?rest_route=\/wp\/v2\/pages"}],"about":[{"href":"https:\/\/beeznis.rs\/index.php?rest_route=\/wp\/v2\/types\/page"}],"author":[{"embeddable":true,"href":"https:\/\/beeznis.rs\/index.php?rest_route=\/wp\/v2\/users\/1"}],"replies":[{"embeddable":true,"href":"https:\/\/beeznis.rs\/index.php?rest_route=%2Fwp%2Fv2%2Fcomments&post=1494"}],"version-history":[{"count":6,"href":"https:\/\/beeznis.rs\/index.php?rest_route=\/wp\/v2\/pages\/1494\/revisions"}],"predecessor-version":[{"id":2555,"href":"https:\/\/beeznis.rs\/index.php?rest_route=\/wp\/v2\/pages\/1494\/revisions\/2555"}],"wp:attachment":[{"href":"https:\/\/beeznis.rs\/index.php?rest_route=%2Fwp%2Fv2%2Fmedia&parent=1494"}],"curies":[{"name":"wp","href":"https:\/\/api.w.org\/{rel}","templated":true}]}}