{"id":2465,"date":"2024-03-16T17:41:41","date_gmt":"2024-03-16T17:41:41","guid":{"rendered":"https:\/\/beeznis.rs\/?page_id=2465"},"modified":"2024-03-16T17:53:32","modified_gmt":"2024-03-16T17:53:32","slug":"blog","status":"publish","type":"page","link":"https:\/\/beeznis.rs\/?page_id=2465","title":{"rendered":"Blog"},"content":{"rendered":"\n<div class=\"wp-block-uagb-image aligncenter uagb-block-d2dc290a wp-block-uagb-image--layout-default wp-block-uagb-image--effect-static wp-block-uagb-image--align-center\"><figure class=\"wp-block-uagb-image__figure\"><img decoding=\"async\" srcset=\"https:\/\/beeznis.rs\/wp-content\/uploads\/2024\/01\/BEEZNIS.png ,https:\/\/beeznis.rs\/wp-content\/uploads\/2024\/01\/BEEZNIS.png 780w, https:\/\/beeznis.rs\/wp-content\/uploads\/2024\/01\/BEEZNIS.png 360w\" sizes=\"(max-width: 480px) 150px\" src=\"https:\/\/beeznis.rs\/wp-content\/uploads\/2024\/01\/BEEZNIS.png\" alt=\"\" class=\"uag-image-2409\" width=\"264\" height=\"264\" title=\"BEEZNIS\" loading=\"lazy\" role=\"img\"\/><\/figure><\/div>\n\n\n\n<h3 class=\"wp-block-heading has-text-align-center\">Pratite na\u0161e novosti iz sveta digitalnog marketinga<\/h3>\n\n\n\n\t\t\t<div class=\"wp-block-uagb-post-grid uagb-post-grid  uagb-post__image-position-top uagb-post__image-enabled uagb-block-065ac28d     uagb-post__items uagb-post__columns-3 is-grid uagb-post__columns-tablet-2 uagb-post__columns-mobile-1 uagb-post__equal-height\" data-total=\"1\" style=\"\">\n\n\t\t\t\t\t\t\t\t\t\t\t\t<article class=\"uagb-post__inner-wrap\">\t\t\t\t\t\t\t\t<div class='uagb-post__image'>\n\t\t\t\t\t\t\t\t\t<a href=\"https:\/\/beeznis.rs\/?p=2546\" target=\"_self\" rel=\"bookmark noopener noreferrer\" class='uagb-image-ratio-inherit'><img loading=\"lazy\" decoding=\"async\" width=\"326\" height=\"326\" src=\"https:\/\/beeznis.rs\/wp-content\/uploads\/2024\/05\/fenomen-socijalnih-mreza-naslovna-e1715711085557.jpg\" class=\"attachment-large size-large\" alt=\"odjenje dru\u0161tvenih mre\u017ea\" \/>\t\t\t\t\t<\/a>\n\t\t\t\t\t\t\t<\/div>\n\t\t\t\t\t\t<h4 class=\"uagb-post__title uagb-post__text\">\n\t\t\t\t<a href=\"https:\/\/beeznis.rs\/?p=2546\" target=\"_self\" rel=\"bookmark noopener noreferrer\">Fenomen socijalnih mre\u017ea<\/a>\n\t\t\t<\/h4>\n\t\t\t\t\t\t<div class='uagb-post__text uagb-post-grid-byline'>\n\t\t\t\t\t\t\t\t<time datetime=\"2024-05-14T18:23:38+00:00\" class=\"uagb-post__date\">\n\t\t\t\t<span class=\"dashicons-calendar dashicons\"><\/span>\t\t\t\t\tmaj 14, 2024\t\t\t\t<\/time>\n\t\t\t\t\t\t\t<span class=\"uagb-post__comment\">\n\t\t\t\t<span class=\"dashicons-admin-comments dashicons\"><\/span>\t\t\t\t\tNema komentara\t\t\t\t<\/span>\n\t\t\t\t\t\t<\/div>\n\t\t\t\t\t\t\t<div class='uagb-post__text uagb-post__excerpt'>\n\t\t\t\t\t<p>Socijalne mre\u017ee su postale integralni deo na\u0161eg svakodnevnog \u017eivota. \u0160tavi\u0161e, za mnoge ljude, one nisu\u2026\t\t\t\t<\/div>\n\t\t\t\t\t\t<div class=\"uagb-post__text uagb-post__cta wp-block-button\">\n\t\t\t\t<a class=\"wp-block-button__link uagb-text-link\" style=\"\" href=\"https:\/\/beeznis.rs\/?p=2546\" target=\"_self\" rel=\"bookmark noopener noreferrer\">saznaj vi\u0161e\u2026<\/a>\n\t\t\t<\/div>\n\t\t\t\n\t\t\t\t\t\t\t\t\t<\/article>\n\t\t\t\t\t\t\t\t\t\t\t\t\t\t\t\t<article class=\"uagb-post__inner-wrap\">\t\t\t\t\t\t\t\t<div class='uagb-post__image'>\n\t\t\t\t\t\t\t\t\t<a href=\"https:\/\/beeznis.rs\/?p=2534\" target=\"_self\" rel=\"bookmark noopener noreferrer\" class='uagb-image-ratio-inherit'><img loading=\"lazy\" decoding=\"async\" width=\"1024\" height=\"536\" src=\"https:\/\/beeznis.rs\/wp-content\/uploads\/2024\/04\/TLMS-20230428-1200x628-1-1024x536.png\" class=\"attachment-large size-large\" alt=\"\" srcset=\"https:\/\/beeznis.rs\/wp-content\/uploads\/2024\/04\/TLMS-20230428-1200x628-1-1024x536.png 1024w, https:\/\/beeznis.rs\/wp-content\/uploads\/2024\/04\/TLMS-20230428-1200x628-1-300x157.png 300w, https:\/\/beeznis.rs\/wp-content\/uploads\/2024\/04\/TLMS-20230428-1200x628-1-768x402.png 768w, https:\/\/beeznis.rs\/wp-content\/uploads\/2024\/04\/TLMS-20230428-1200x628-1-e1714075704536.png 640w\" sizes=\"(max-width: 1024px) 100vw, 1024px\" \/>\t\t\t\t\t<\/a>\n\t\t\t\t\t\t\t<\/div>\n\t\t\t\t\t\t<h4 class=\"uagb-post__title uagb-post__text\">\n\t\t\t\t<a href=\"https:\/\/beeznis.rs\/?p=2534\" target=\"_self\" rel=\"bookmark noopener noreferrer\">Uspe\u0161an prodajni nastup \u2013 osnove i tehnike i prodajnog dijaloga<\/a>\n\t\t\t<\/h4>\n\t\t\t\t\t\t<div class='uagb-post__text uagb-post-grid-byline'>\n\t\t\t\t\t\t\t\t<time datetime=\"2024-04-25T20:06:08+00:00\" class=\"uagb-post__date\">\n\t\t\t\t<span class=\"dashicons-calendar dashicons\"><\/span>\t\t\t\t\tapril 25, 2024\t\t\t\t<\/time>\n\t\t\t\t\t\t\t<span class=\"uagb-post__comment\">\n\t\t\t\t<span class=\"dashicons-admin-comments dashicons\"><\/span>\t\t\t\t\tNema komentara\t\t\t\t<\/span>\n\t\t\t\t\t\t<\/div>\n\t\t\t\t\t\t\t<div class='uagb-post__text uagb-post__excerpt'>\n\t\t\t\t\t<p>U dana\u0161njem svetu prodaja je svuda oko nas, i to ne samo u realnom \u017eivotu,\u2026\t\t\t\t<\/div>\n\t\t\t\t\t\t<div class=\"uagb-post__text uagb-post__cta wp-block-button\">\n\t\t\t\t<a class=\"wp-block-button__link uagb-text-link\" style=\"\" href=\"https:\/\/beeznis.rs\/?p=2534\" target=\"_self\" rel=\"bookmark noopener noreferrer\">saznaj vi\u0161e\u2026<\/a>\n\t\t\t<\/div>\n\t\t\t\n\t\t\t\t\t\t\t\t\t<\/article>\n\t\t\t\t\t\t\t\t\t\t\t\t\t\t\t\t<article class=\"uagb-post__inner-wrap\">\t\t\t\t\t\t\t\t<div class='uagb-post__image'>\n\t\t\t\t\t\t\t\t\t<a href=\"https:\/\/beeznis.rs\/?p=2468\" target=\"_self\" rel=\"bookmark noopener noreferrer\" class='uagb-image-ratio-inherit'><img loading=\"lazy\" decoding=\"async\" width=\"591\" height=\"394\" src=\"https:\/\/beeznis.rs\/wp-content\/uploads\/2024\/03\/digitalni-marketing-novi-sad.webp\" class=\"attachment-large size-large\" alt=\"\" srcset=\"https:\/\/beeznis.rs\/wp-content\/uploads\/2024\/03\/digitalni-marketing-novi-sad.webp 591w, https:\/\/beeznis.rs\/wp-content\/uploads\/2024\/03\/digitalni-marketing-novi-sad-300x200.webp 300w\" sizes=\"(max-width: 591px) 100vw, 591px\" \/>\t\t\t\t\t<\/a>\n\t\t\t\t\t\t\t<\/div>\n\t\t\t\t\t\t<h4 class=\"uagb-post__title uagb-post__text\">\n\t\t\t\t<a href=\"https:\/\/beeznis.rs\/?p=2468\" target=\"_self\" rel=\"bookmark noopener noreferrer\">\u0160ta je to digitalni marketing i za\u0161to je neophodan za sve firme i delatnosti?<\/a>\n\t\t\t<\/h4>\n\t\t\t\t\t\t<div class='uagb-post__text uagb-post-grid-byline'>\n\t\t\t\t\t\t\t\t<time datetime=\"2024-03-16T17:49:01+00:00\" class=\"uagb-post__date\">\n\t\t\t\t<span class=\"dashicons-calendar dashicons\"><\/span>\t\t\t\t\tmart 16, 2024\t\t\t\t<\/time>\n\t\t\t\t\t\t\t<span class=\"uagb-post__comment\">\n\t\t\t\t<span class=\"dashicons-admin-comments dashicons\"><\/span>\t\t\t\t\tNema komentara\t\t\t\t<\/span>\n\t\t\t\t\t\t<\/div>\n\t\t\t\t\t\t\t<div class='uagb-post__text uagb-post__excerpt'>\n\t\t\t\t\t<p>\u0160ta je to digitalni marketing i za\u0161to je neophodan za sve firme i delatnosti Digitalni\u2026\t\t\t\t<\/div>\n\t\t\t\t\t\t<div class=\"uagb-post__text uagb-post__cta wp-block-button\">\n\t\t\t\t<a class=\"wp-block-button__link uagb-text-link\" style=\"\" href=\"https:\/\/beeznis.rs\/?p=2468\" target=\"_self\" rel=\"bookmark noopener noreferrer\">saznaj vi\u0161e\u2026<\/a>\n\t\t\t<\/div>\n\t\t\t\n\t\t\t\t\t\t\t\t\t<\/article>\n\t\t\t\t\t\t\t\t\t\t\t<\/div>\n\t\t\t","protected":false},"excerpt":{"rendered":"<p>Pratite na\u0161e novosti iz sveta digitalnog marketinga<\/p>\n","protected":false},"author":1,"featured_media":0,"parent":0,"menu_order":0,"comment_status":"closed","ping_status":"closed","template":"","meta":{"_uag_custom_page_level_css":"","site-sidebar-layout":"default","site-content-layout":"","ast-site-content-layout":"default","site-content-style":"default","site-sidebar-style":"default","ast-global-header-display":"","ast-banner-title-visibility":"","ast-main-header-display":"","ast-hfb-above-header-display":"","ast-hfb-below-header-display":"","ast-hfb-mobile-header-display":"","site-post-title":"","ast-breadcrumbs-content":"","ast-featured-img":"","footer-sml-layout":"","theme-transparent-header-meta":"","adv-header-id-meta":"","stick-header-meta":"","header-above-stick-meta":"","header-main-stick-meta":"","header-below-stick-meta":"","astra-migrate-meta-layouts":"set","ast-page-background-enabled":"default","ast-page-background-meta":{"desktop":{"background-color":"var(--ast-global-color-4)","background-image":"","background-repeat":"repeat","background-position":"center center","background-size":"auto","background-attachment":"scroll","background-type":"","background-media":"","overlay-type":"","overlay-color":"","overlay-opacity":"","overlay-gradient":""},"tablet":{"background-color":"","background-image":"","background-repeat":"repeat","background-position":"center center","background-size":"auto","background-attachment":"scroll","background-type":"","background-media":"","overlay-type":"","overlay-color":"","overlay-opacity":"","overlay-gradient":""},"mobile":{"background-color":"","background-image":"","background-repeat":"repeat","background-position":"center center","background-size":"auto","background-attachment":"scroll","background-type":"","background-media":"","overlay-type":"","overlay-color":"","overlay-opacity":"","overlay-gradient":""}},"ast-content-background-meta":{"desktop":{"background-color":"var(--ast-global-color-5)","background-image":"","background-repeat":"repeat","background-position":"center center","background-size":"auto","background-attachment":"scroll","background-type":"","background-media":"","overlay-type":"","overlay-color":"","overlay-opacity":"","overlay-gradient":""},"tablet":{"background-color":"var(--ast-global-color-5)","background-image":"","background-repeat":"repeat","background-position":"center center","background-size":"auto","background-attachment":"scroll","background-type":"","background-media":"","overlay-type":"","overlay-color":"","overlay-opacity":"","overlay-gradient":""},"mobile":{"background-color":"var(--ast-global-color-5)","background-image":"","background-repeat":"repeat","background-position":"center center","background-size":"auto","background-attachment":"scroll","background-type":"","background-media":"","overlay-type":"","overlay-color":"","overlay-opacity":"","overlay-gradient":""}},"footnotes":""},"yoast_head":"<!-- This site is optimized with the Yoast SEO plugin v22.8 - https:\/\/yoast.com\/wordpress\/plugins\/seo\/ -->\n<title>Izrada web sajtova i digitalni marketing BEEZNIS<\/title>\n<meta name=\"description\" content=\"Izrada web sajtova i digitalni marketing, uslu\u017eno vo\u0111enje profila na dru\u0161tvenim mre\u017eama, izrada loga i vizualnog identiteta, kreiranje marketing kampanja\" \/>\n<meta name=\"robots\" content=\"index, follow, max-snippet:-1, max-image-preview:large, max-video-preview:-1\" \/>\n<link rel=\"canonical\" href=\"https:\/\/beeznis.rs\/?page_id=2465\" \/>\n<meta property=\"og:locale\" content=\"sr_RS\" \/>\n<meta property=\"og:type\" content=\"article\" \/>\n<meta property=\"og:title\" content=\"Izrada web sajtova i digitalni marketing BEEZNIS\" \/>\n<meta property=\"og:description\" content=\"Izrada web sajtova i digitalni marketing, uslu\u017eno vo\u0111enje profila na dru\u0161tvenim mre\u017eama, izrada loga i vizualnog identiteta, kreiranje marketing kampanja\" \/>\n<meta property=\"og:url\" content=\"https:\/\/beeznis.rs\/?page_id=2465\" \/>\n<meta property=\"og:site_name\" content=\"Beeznis\" \/>\n<meta property=\"article:modified_time\" content=\"2024-03-16T17:53:32+00:00\" \/>\n<meta property=\"og:image\" content=\"https:\/\/beeznis.rs\/wp-content\/uploads\/2024\/01\/BEEZNIS.png\" \/>\n<meta name=\"twitter:card\" content=\"summary_large_image\" \/>\n<script type=\"application\/ld+json\" class=\"yoast-schema-graph\">{\"@context\":\"https:\/\/schema.org\",\"@graph\":[{\"@type\":\"WebPage\",\"@id\":\"https:\/\/beeznis.rs\/?page_id=2465\",\"url\":\"https:\/\/beeznis.rs\/?page_id=2465\",\"name\":\"Izrada web sajtova i digitalni marketing BEEZNIS\",\"isPartOf\":{\"@id\":\"https:\/\/beeznis.rs\/#website\"},\"primaryImageOfPage\":{\"@id\":\"https:\/\/beeznis.rs\/?page_id=2465#primaryimage\"},\"image\":{\"@id\":\"https:\/\/beeznis.rs\/?page_id=2465#primaryimage\"},\"thumbnailUrl\":\"https:\/\/beeznis.rs\/wp-content\/uploads\/2024\/01\/BEEZNIS.png\",\"datePublished\":\"2024-03-16T17:41:41+00:00\",\"dateModified\":\"2024-03-16T17:53:32+00:00\",\"description\":\"Izrada web sajtova i digitalni marketing, uslu\u017eno vo\u0111enje profila na dru\u0161tvenim mre\u017eama, izrada loga i vizualnog identiteta, kreiranje marketing kampanja\",\"breadcrumb\":{\"@id\":\"https:\/\/beeznis.rs\/?page_id=2465#breadcrumb\"},\"inLanguage\":\"sr-RS\",\"potentialAction\":[{\"@type\":\"ReadAction\",\"target\":[\"https:\/\/beeznis.rs\/?page_id=2465\"]}]},{\"@type\":\"ImageObject\",\"inLanguage\":\"sr-RS\",\"@id\":\"https:\/\/beeznis.rs\/?page_id=2465#primaryimage\",\"url\":\"https:\/\/beeznis.rs\/wp-content\/uploads\/2024\/01\/BEEZNIS.png\",\"contentUrl\":\"https:\/\/beeznis.rs\/wp-content\/uploads\/2024\/01\/BEEZNIS.png\",\"width\":500,\"height\":500},{\"@type\":\"BreadcrumbList\",\"@id\":\"https:\/\/beeznis.rs\/?page_id=2465#breadcrumb\",\"itemListElement\":[{\"@type\":\"ListItem\",\"position\":1,\"name\":\"Po\u010detna\",\"item\":\"https:\/\/beeznis.rs\/\"},{\"@type\":\"ListItem\",\"position\":2,\"name\":\"Blog\"}]},{\"@type\":\"WebSite\",\"@id\":\"https:\/\/beeznis.rs\/#website\",\"url\":\"https:\/\/beeznis.rs\/\",\"name\":\"Beeznis digitalni marketing\",\"description\":\"Agencija za digitalni marketing\",\"publisher\":{\"@id\":\"https:\/\/beeznis.rs\/#organization\"},\"alternateName\":\"Izrada web sajtova i digitalni marketing\",\"potentialAction\":[{\"@type\":\"SearchAction\",\"target\":{\"@type\":\"EntryPoint\",\"urlTemplate\":\"https:\/\/beeznis.rs\/?s={search_term_string}\"},\"query-input\":\"required name=search_term_string\"}],\"inLanguage\":\"sr-RS\"},{\"@type\":\"Organization\",\"@id\":\"https:\/\/beeznis.rs\/#organization\",\"name\":\"Agencija za digitalni marketing BEEZNIS\",\"alternateName\":\"Izrada web sajtova i digitalni marketing\",\"url\":\"https:\/\/beeznis.rs\/\",\"logo\":{\"@type\":\"ImageObject\",\"inLanguage\":\"sr-RS\",\"@id\":\"https:\/\/beeznis.rs\/#\/schema\/logo\/image\/\",\"url\":\"https:\/\/beeznis.rs\/wp-content\/uploads\/2024\/01\/BEEZNIS.png\",\"contentUrl\":\"https:\/\/beeznis.rs\/wp-content\/uploads\/2024\/01\/BEEZNIS.png\",\"width\":500,\"height\":500,\"caption\":\"Agencija za digitalni marketing BEEZNIS\"},\"image\":{\"@id\":\"https:\/\/beeznis.rs\/#\/schema\/logo\/image\/\"}}]}<\/script>\n<!-- \/ Yoast SEO plugin. -->","yoast_head_json":{"title":"Izrada web sajtova i digitalni marketing BEEZNIS","description":"Izrada web sajtova i digitalni marketing, uslu\u017eno vo\u0111enje profila na dru\u0161tvenim mre\u017eama, izrada loga i vizualnog identiteta, kreiranje marketing kampanja","robots":{"index":"index","follow":"follow","max-snippet":"max-snippet:-1","max-image-preview":"max-image-preview:large","max-video-preview":"max-video-preview:-1"},"canonical":"https:\/\/beeznis.rs\/?page_id=2465","og_locale":"sr_RS","og_type":"article","og_title":"Izrada web sajtova i digitalni marketing BEEZNIS","og_description":"Izrada web sajtova i digitalni marketing, uslu\u017eno vo\u0111enje profila na dru\u0161tvenim mre\u017eama, izrada loga i vizualnog identiteta, kreiranje marketing kampanja","og_url":"https:\/\/beeznis.rs\/?page_id=2465","og_site_name":"Beeznis","article_modified_time":"2024-03-16T17:53:32+00:00","og_image":[{"url":"https:\/\/beeznis.rs\/wp-content\/uploads\/2024\/01\/BEEZNIS.png"}],"twitter_card":"summary_large_image","schema":{"@context":"https:\/\/schema.org","@graph":[{"@type":"WebPage","@id":"https:\/\/beeznis.rs\/?page_id=2465","url":"https:\/\/beeznis.rs\/?page_id=2465","name":"Izrada web sajtova i digitalni marketing BEEZNIS","isPartOf":{"@id":"https:\/\/beeznis.rs\/#website"},"primaryImageOfPage":{"@id":"https:\/\/beeznis.rs\/?page_id=2465#primaryimage"},"image":{"@id":"https:\/\/beeznis.rs\/?page_id=2465#primaryimage"},"thumbnailUrl":"https:\/\/beeznis.rs\/wp-content\/uploads\/2024\/01\/BEEZNIS.png","datePublished":"2024-03-16T17:41:41+00:00","dateModified":"2024-03-16T17:53:32+00:00","description":"Izrada web sajtova i digitalni marketing, uslu\u017eno vo\u0111enje profila na dru\u0161tvenim mre\u017eama, izrada loga i vizualnog identiteta, kreiranje marketing kampanja","breadcrumb":{"@id":"https:\/\/beeznis.rs\/?page_id=2465#breadcrumb"},"inLanguage":"sr-RS","potentialAction":[{"@type":"ReadAction","target":["https:\/\/beeznis.rs\/?page_id=2465"]}]},{"@type":"ImageObject","inLanguage":"sr-RS","@id":"https:\/\/beeznis.rs\/?page_id=2465#primaryimage","url":"https:\/\/beeznis.rs\/wp-content\/uploads\/2024\/01\/BEEZNIS.png","contentUrl":"https:\/\/beeznis.rs\/wp-content\/uploads\/2024\/01\/BEEZNIS.png","width":500,"height":500},{"@type":"BreadcrumbList","@id":"https:\/\/beeznis.rs\/?page_id=2465#breadcrumb","itemListElement":[{"@type":"ListItem","position":1,"name":"Po\u010detna","item":"https:\/\/beeznis.rs\/"},{"@type":"ListItem","position":2,"name":"Blog"}]},{"@type":"WebSite","@id":"https:\/\/beeznis.rs\/#website","url":"https:\/\/beeznis.rs\/","name":"Beeznis digitalni marketing","description":"Agencija za digitalni marketing","publisher":{"@id":"https:\/\/beeznis.rs\/#organization"},"alternateName":"Izrada web sajtova i digitalni marketing","potentialAction":[{"@type":"SearchAction","target":{"@type":"EntryPoint","urlTemplate":"https:\/\/beeznis.rs\/?s={search_term_string}"},"query-input":"required name=search_term_string"}],"inLanguage":"sr-RS"},{"@type":"Organization","@id":"https:\/\/beeznis.rs\/#organization","name":"Agencija za digitalni marketing BEEZNIS","alternateName":"Izrada web sajtova i digitalni marketing","url":"https:\/\/beeznis.rs\/","logo":{"@type":"ImageObject","inLanguage":"sr-RS","@id":"https:\/\/beeznis.rs\/#\/schema\/logo\/image\/","url":"https:\/\/beeznis.rs\/wp-content\/uploads\/2024\/01\/BEEZNIS.png","contentUrl":"https:\/\/beeznis.rs\/wp-content\/uploads\/2024\/01\/BEEZNIS.png","width":500,"height":500,"caption":"Agencija za digitalni marketing BEEZNIS"},"image":{"@id":"https:\/\/beeznis.rs\/#\/schema\/logo\/image\/"}}]}},"uagb_featured_image_src":{"full":false,"thumbnail":false,"medium":false,"medium_large":false,"large":false,"1536x1536":false,"2048x2048":false},"uagb_author_info":{"display_name":"admin","author_link":"https:\/\/beeznis.rs\/?author=1"},"uagb_comment_info":0,"uagb_excerpt":"Pratite na\u0161e novosti iz sveta digitalnog marketinga","_links":{"self":[{"href":"https:\/\/beeznis.rs\/index.php?rest_route=\/wp\/v2\/pages\/2465"}],"collection":[{"href":"https:\/\/beeznis.rs\/index.php?rest_route=\/wp\/v2\/pages"}],"about":[{"href":"https:\/\/beeznis.rs\/index.php?rest_route=\/wp\/v2\/types\/page"}],"author":[{"embeddable":true,"href":"https:\/\/beeznis.rs\/index.php?rest_route=\/wp\/v2\/users\/1"}],"replies":[{"embeddable":true,"href":"https:\/\/beeznis.rs\/index.php?rest_route=%2Fwp%2Fv2%2Fcomments&post=2465"}],"version-history":[{"count":2,"href":"https:\/\/beeznis.rs\/index.php?rest_route=\/wp\/v2\/pages\/2465\/revisions"}],"predecessor-version":[{"id":2474,"href":"https:\/\/beeznis.rs\/index.php?rest_route=\/wp\/v2\/pages\/2465\/revisions\/2474"}],"wp:attachment":[{"href":"https:\/\/beeznis.rs\/index.php?rest_route=%2Fwp%2Fv2%2Fmedia&parent=2465"}],"curies":[{"name":"wp","href":"https:\/\/api.w.org\/{rel}","templated":true}]}}