{"id":2542,"date":"2024-05-14T18:17:22","date_gmt":"2024-05-14T18:17:22","guid":{"rendered":"https:\/\/beeznis.rs\/?page_id=2542"},"modified":"2024-05-14T18:17:23","modified_gmt":"2024-05-14T18:17:23","slug":"o-nama","status":"publish","type":"page","link":"https:\/\/beeznis.rs\/?page_id=2542","title":{"rendered":"O nama"},"content":{"rendered":"\n<p>Dobrodo\u0161li u Beeznis, kod Va\u0161eg pouzdanog partnera za sve digitalne potrebe poslovanja!<\/p>\n\n\n\n<p>Sa vi\u0161e od 10 godina iskustva u \u00a0marketingu, dizajnu i razvoju web sajtova, Beeznis nudi personalni pristup u oblasti digitalnih re\u0161enja. Ono \u0161to nas izdvaja je na\u0161a strast prema inovacijama i posve\u0107enost pru\u017eanju najboljih mogu\u0107ih re\u0161enja za na\u0161e klijente.<\/p>\n\n\n\n<p>Po\u010deli smo kao mali beeznis sa velikim snovima, fokusirani na razvoj vlastitih brendova i projekata. Kroz godine rada i iskustva, stekli smo duboko razumevanje digitalnog prostora i potreba modernog poslovanja. Danas, sa ponosom koristimo svoje znanje i ve\u0161tine kako bismo pomogli drugim beeznisima u ostvarivanju njihovog punog potencijala.<\/p>\n\n\n\n<p>Neke od usluga kojim se bavimo su:<\/p>\n\n\n\n<ul>\n<li>Izrada veb sajtova i web shopova koji su moderni, funkcionalni i prilago\u0111eni potrebama va\u0161eg poslovanja.<\/li>\n\n\n\n<li>Vo\u0111enje profila na dru\u0161tvenim mre\u017eama, kako biste maksimalno iskoristili njihov potencijal za pove\u0107anje vidljivosti i anga\u017eovanja va\u0161e publike.<\/li>\n\n\n\n<li>Kreiranje vizuelnog identiteta, logotipa i brendiranje koje \u0107e vas izdvojiti iz mase i ostaviti sna\u017ean utisak na va\u0161e klijente.<\/li>\n\n\n\n<li>\u0160tampanje radne opreme i promotivnog materijala koji \u0107e odra\u017eavati kvalitet i profesionalizam va\u0161eg brenda.<\/li>\n<\/ul>\n\n\n\n<p>U Beeznisu, na\u0161 cilj je da vam pru\u017eimo vrhunska digitalna re\u0161enja koja \u0107e vam pomo\u0107i da rastete i ostvarite svoje poslovne ciljeve. Kontaktirajte nas danas i dozvolite nam da vam pomognemo da izgradite sna\u017ean digitalni identitet i ostvarite uspeh u online svetu!<\/p>\n\n\n\n<figure class=\"wp-block-image aligncenter size-full\"><img loading=\"lazy\" decoding=\"async\" width=\"900\" height=\"473\" src=\"https:\/\/beeznis.rs\/wp-content\/uploads\/2024\/05\/Izrada-web-sajtova-BEEZNIS.jpg\" alt=\"\" class=\"wp-image-2543\" srcset=\"https:\/\/beeznis.rs\/wp-content\/uploads\/2024\/05\/Izrada-web-sajtova-BEEZNIS.jpg 900w, https:\/\/beeznis.rs\/wp-content\/uploads\/2024\/05\/Izrada-web-sajtova-BEEZNIS-300x158.jpg 300w, https:\/\/beeznis.rs\/wp-content\/uploads\/2024\/05\/Izrada-web-sajtova-BEEZNIS-768x404.jpg 768w\" sizes=\"(max-width: 900px) 100vw, 900px\" \/><\/figure>\n","protected":false},"excerpt":{"rendered":"<p>Dobrodo\u0161li u Beeznis, kod Va\u0161eg pouzdanog partnera za sve digitalne potrebe poslovanja! Sa vi\u0161e od 10 godina iskustva u \u00a0marketingu, dizajnu i razvoju web sajtova, Beeznis nudi personalni pristup u oblasti digitalnih re\u0161enja. Ono \u0161to nas izdvaja je na\u0161a strast prema inovacijama i posve\u0107enost pru\u017eanju najboljih mogu\u0107ih re\u0161enja za na\u0161e klijente. Po\u010deli smo kao mali [\u2026]<\/p>\n","protected":false},"author":1,"featured_media":0,"parent":0,"menu_order":0,"comment_status":"closed","ping_status":"closed","template":"","meta":{"_uag_custom_page_level_css":"","site-sidebar-layout":"default","site-content-layout":"","ast-site-content-layout":"default","site-content-style":"default","site-sidebar-style":"default","ast-global-header-display":"","ast-banner-title-visibility":"","ast-main-header-display":"","ast-hfb-above-header-display":"","ast-hfb-below-header-display":"","ast-hfb-mobile-header-display":"","site-post-title":"","ast-breadcrumbs-content":"","ast-featured-img":"","footer-sml-layout":"","theme-transparent-header-meta":"","adv-header-id-meta":"","stick-header-meta":"","header-above-stick-meta":"","header-main-stick-meta":"","header-below-stick-meta":"","astra-migrate-meta-layouts":"set","ast-page-background-enabled":"default","ast-page-background-meta":{"desktop":{"background-color":"var(--ast-global-color-4)","background-image":"","background-repeat":"repeat","background-position":"center center","background-size":"auto","background-attachment":"scroll","background-type":"","background-media":"","overlay-type":"","overlay-color":"","overlay-opacity":"","overlay-gradient":""},"tablet":{"background-color":"","background-image":"","background-repeat":"repeat","background-position":"center center","background-size":"auto","background-attachment":"scroll","background-type":"","background-media":"","overlay-type":"","overlay-color":"","overlay-opacity":"","overlay-gradient":""},"mobile":{"background-color":"","background-image":"","background-repeat":"repeat","background-position":"center center","background-size":"auto","background-attachment":"scroll","background-type":"","background-media":"","overlay-type":"","overlay-color":"","overlay-opacity":"","overlay-gradient":""}},"ast-content-background-meta":{"desktop":{"background-color":"var(--ast-global-color-5)","background-image":"","background-repeat":"repeat","background-position":"center center","background-size":"auto","background-attachment":"scroll","background-type":"","background-media":"","overlay-type":"","overlay-color":"","overlay-opacity":"","overlay-gradient":""},"tablet":{"background-color":"var(--ast-global-color-5)","background-image":"","background-repeat":"repeat","background-position":"center center","background-size":"auto","background-attachment":"scroll","background-type":"","background-media":"","overlay-type":"","overlay-color":"","overlay-opacity":"","overlay-gradient":""},"mobile":{"background-color":"var(--ast-global-color-5)","background-image":"","background-repeat":"repeat","background-position":"center center","background-size":"auto","background-attachment":"scroll","background-type":"","background-media":"","overlay-type":"","overlay-color":"","overlay-opacity":"","overlay-gradient":""}},"footnotes":""},"yoast_head":"<!-- This site is optimized with the Yoast SEO plugin v22.8 - https:\/\/yoast.com\/wordpress\/plugins\/seo\/ -->\n<title>Izrada web sajtova i digitalni marketing BEEZNIS<\/title>\n<meta name=\"description\" content=\"Izrada web sajtova i digitalni marketing, uslu\u017eno vo\u0111enje profila na dru\u0161tvenim mre\u017eama, izrada loga i vizualnog identiteta, kreiranje marketing kampanja\" \/>\n<meta name=\"robots\" content=\"index, follow, max-snippet:-1, max-image-preview:large, max-video-preview:-1\" \/>\n<link rel=\"canonical\" href=\"https:\/\/beeznis.rs\/?page_id=2542\" \/>\n<meta property=\"og:locale\" content=\"sr_RS\" \/>\n<meta property=\"og:type\" content=\"article\" \/>\n<meta property=\"og:title\" content=\"Izrada web sajtova i digitalni marketing BEEZNIS\" \/>\n<meta property=\"og:description\" content=\"Izrada web sajtova i digitalni marketing, uslu\u017eno vo\u0111enje profila na dru\u0161tvenim mre\u017eama, izrada loga i vizualnog identiteta, kreiranje marketing kampanja\" \/>\n<meta property=\"og:url\" content=\"https:\/\/beeznis.rs\/?page_id=2542\" \/>\n<meta property=\"og:site_name\" content=\"Beeznis\" \/>\n<meta property=\"article:modified_time\" content=\"2024-05-14T18:17:23+00:00\" \/>\n<meta property=\"og:image\" content=\"https:\/\/beeznis.rs\/wp-content\/uploads\/2024\/05\/Izrada-web-sajtova-BEEZNIS.jpg\" \/>\n<meta name=\"twitter:card\" content=\"summary_large_image\" \/>\n<meta name=\"twitter:label1\" content=\"Procenjeno vreme \u010ditanja\" \/>\n\t<meta name=\"twitter:data1\" content=\"2 minuta\" \/>\n<script type=\"application\/ld+json\" class=\"yoast-schema-graph\">{\"@context\":\"https:\/\/schema.org\",\"@graph\":[{\"@type\":\"WebPage\",\"@id\":\"https:\/\/beeznis.rs\/?page_id=2542\",\"url\":\"https:\/\/beeznis.rs\/?page_id=2542\",\"name\":\"Izrada web sajtova i digitalni marketing BEEZNIS\",\"isPartOf\":{\"@id\":\"https:\/\/beeznis.rs\/#website\"},\"primaryImageOfPage\":{\"@id\":\"https:\/\/beeznis.rs\/?page_id=2542#primaryimage\"},\"image\":{\"@id\":\"https:\/\/beeznis.rs\/?page_id=2542#primaryimage\"},\"thumbnailUrl\":\"https:\/\/beeznis.rs\/wp-content\/uploads\/2024\/05\/Izrada-web-sajtova-BEEZNIS.jpg\",\"datePublished\":\"2024-05-14T18:17:22+00:00\",\"dateModified\":\"2024-05-14T18:17:23+00:00\",\"description\":\"Izrada web sajtova i digitalni marketing, uslu\u017eno vo\u0111enje profila na dru\u0161tvenim mre\u017eama, izrada loga i vizualnog identiteta, kreiranje marketing kampanja\",\"breadcrumb\":{\"@id\":\"https:\/\/beeznis.rs\/?page_id=2542#breadcrumb\"},\"inLanguage\":\"sr-RS\",\"potentialAction\":[{\"@type\":\"ReadAction\",\"target\":[\"https:\/\/beeznis.rs\/?page_id=2542\"]}]},{\"@type\":\"ImageObject\",\"inLanguage\":\"sr-RS\",\"@id\":\"https:\/\/beeznis.rs\/?page_id=2542#primaryimage\",\"url\":\"https:\/\/beeznis.rs\/wp-content\/uploads\/2024\/05\/Izrada-web-sajtova-BEEZNIS.jpg\",\"contentUrl\":\"https:\/\/beeznis.rs\/wp-content\/uploads\/2024\/05\/Izrada-web-sajtova-BEEZNIS.jpg\",\"width\":900,\"height\":473},{\"@type\":\"BreadcrumbList\",\"@id\":\"https:\/\/beeznis.rs\/?page_id=2542#breadcrumb\",\"itemListElement\":[{\"@type\":\"ListItem\",\"position\":1,\"name\":\"Po\u010detna\",\"item\":\"https:\/\/beeznis.rs\/\"},{\"@type\":\"ListItem\",\"position\":2,\"name\":\"O nama\"}]},{\"@type\":\"WebSite\",\"@id\":\"https:\/\/beeznis.rs\/#website\",\"url\":\"https:\/\/beeznis.rs\/\",\"name\":\"Beeznis digitalni marketing\",\"description\":\"Agencija za digitalni marketing\",\"publisher\":{\"@id\":\"https:\/\/beeznis.rs\/#organization\"},\"alternateName\":\"Izrada web sajtova i digitalni marketing\",\"potentialAction\":[{\"@type\":\"SearchAction\",\"target\":{\"@type\":\"EntryPoint\",\"urlTemplate\":\"https:\/\/beeznis.rs\/?s={search_term_string}\"},\"query-input\":\"required name=search_term_string\"}],\"inLanguage\":\"sr-RS\"},{\"@type\":\"Organization\",\"@id\":\"https:\/\/beeznis.rs\/#organization\",\"name\":\"Agencija za digitalni marketing BEEZNIS\",\"alternateName\":\"Izrada web sajtova i digitalni marketing\",\"url\":\"https:\/\/beeznis.rs\/\",\"logo\":{\"@type\":\"ImageObject\",\"inLanguage\":\"sr-RS\",\"@id\":\"https:\/\/beeznis.rs\/#\/schema\/logo\/image\/\",\"url\":\"https:\/\/beeznis.rs\/wp-content\/uploads\/2024\/01\/BEEZNIS.png\",\"contentUrl\":\"https:\/\/beeznis.rs\/wp-content\/uploads\/2024\/01\/BEEZNIS.png\",\"width\":500,\"height\":500,\"caption\":\"Agencija za digitalni marketing BEEZNIS\"},\"image\":{\"@id\":\"https:\/\/beeznis.rs\/#\/schema\/logo\/image\/\"}}]}<\/script>\n<!-- \/ Yoast SEO plugin. -->","yoast_head_json":{"title":"Izrada web sajtova i digitalni marketing BEEZNIS","description":"Izrada web sajtova i digitalni marketing, uslu\u017eno vo\u0111enje profila na dru\u0161tvenim mre\u017eama, izrada loga i vizualnog identiteta, kreiranje marketing kampanja","robots":{"index":"index","follow":"follow","max-snippet":"max-snippet:-1","max-image-preview":"max-image-preview:large","max-video-preview":"max-video-preview:-1"},"canonical":"https:\/\/beeznis.rs\/?page_id=2542","og_locale":"sr_RS","og_type":"article","og_title":"Izrada web sajtova i digitalni marketing BEEZNIS","og_description":"Izrada web sajtova i digitalni marketing, uslu\u017eno vo\u0111enje profila na dru\u0161tvenim mre\u017eama, izrada loga i vizualnog identiteta, kreiranje marketing kampanja","og_url":"https:\/\/beeznis.rs\/?page_id=2542","og_site_name":"Beeznis","article_modified_time":"2024-05-14T18:17:23+00:00","og_image":[{"url":"https:\/\/beeznis.rs\/wp-content\/uploads\/2024\/05\/Izrada-web-sajtova-BEEZNIS.jpg"}],"twitter_card":"summary_large_image","twitter_misc":{"Procenjeno vreme \u010ditanja":"2 minuta"},"schema":{"@context":"https:\/\/schema.org","@graph":[{"@type":"WebPage","@id":"https:\/\/beeznis.rs\/?page_id=2542","url":"https:\/\/beeznis.rs\/?page_id=2542","name":"Izrada web sajtova i digitalni marketing BEEZNIS","isPartOf":{"@id":"https:\/\/beeznis.rs\/#website"},"primaryImageOfPage":{"@id":"https:\/\/beeznis.rs\/?page_id=2542#primaryimage"},"image":{"@id":"https:\/\/beeznis.rs\/?page_id=2542#primaryimage"},"thumbnailUrl":"https:\/\/beeznis.rs\/wp-content\/uploads\/2024\/05\/Izrada-web-sajtova-BEEZNIS.jpg","datePublished":"2024-05-14T18:17:22+00:00","dateModified":"2024-05-14T18:17:23+00:00","description":"Izrada web sajtova i digitalni marketing, uslu\u017eno vo\u0111enje profila na dru\u0161tvenim mre\u017eama, izrada loga i vizualnog identiteta, kreiranje marketing kampanja","breadcrumb":{"@id":"https:\/\/beeznis.rs\/?page_id=2542#breadcrumb"},"inLanguage":"sr-RS","potentialAction":[{"@type":"ReadAction","target":["https:\/\/beeznis.rs\/?page_id=2542"]}]},{"@type":"ImageObject","inLanguage":"sr-RS","@id":"https:\/\/beeznis.rs\/?page_id=2542#primaryimage","url":"https:\/\/beeznis.rs\/wp-content\/uploads\/2024\/05\/Izrada-web-sajtova-BEEZNIS.jpg","contentUrl":"https:\/\/beeznis.rs\/wp-content\/uploads\/2024\/05\/Izrada-web-sajtova-BEEZNIS.jpg","width":900,"height":473},{"@type":"BreadcrumbList","@id":"https:\/\/beeznis.rs\/?page_id=2542#breadcrumb","itemListElement":[{"@type":"ListItem","position":1,"name":"Po\u010detna","item":"https:\/\/beeznis.rs\/"},{"@type":"ListItem","position":2,"name":"O nama"}]},{"@type":"WebSite","@id":"https:\/\/beeznis.rs\/#website","url":"https:\/\/beeznis.rs\/","name":"Beeznis digitalni marketing","description":"Agencija za digitalni marketing","publisher":{"@id":"https:\/\/beeznis.rs\/#organization"},"alternateName":"Izrada web sajtova i digitalni marketing","potentialAction":[{"@type":"SearchAction","target":{"@type":"EntryPoint","urlTemplate":"https:\/\/beeznis.rs\/?s={search_term_string}"},"query-input":"required name=search_term_string"}],"inLanguage":"sr-RS"},{"@type":"Organization","@id":"https:\/\/beeznis.rs\/#organization","name":"Agencija za digitalni marketing BEEZNIS","alternateName":"Izrada web sajtova i digitalni marketing","url":"https:\/\/beeznis.rs\/","logo":{"@type":"ImageObject","inLanguage":"sr-RS","@id":"https:\/\/beeznis.rs\/#\/schema\/logo\/image\/","url":"https:\/\/beeznis.rs\/wp-content\/uploads\/2024\/01\/BEEZNIS.png","contentUrl":"https:\/\/beeznis.rs\/wp-content\/uploads\/2024\/01\/BEEZNIS.png","width":500,"height":500,"caption":"Agencija za digitalni marketing BEEZNIS"},"image":{"@id":"https:\/\/beeznis.rs\/#\/schema\/logo\/image\/"}}]}},"uagb_featured_image_src":{"full":false,"thumbnail":false,"medium":false,"medium_large":false,"large":false,"1536x1536":false,"2048x2048":false},"uagb_author_info":{"display_name":"admin","author_link":"https:\/\/beeznis.rs\/?author=1"},"uagb_comment_info":0,"uagb_excerpt":"Dobrodo\u0161li u Beeznis, kod Va\u0161eg pouzdanog partnera za sve digitalne potrebe poslovanja! Sa vi\u0161e od 10 godina iskustva u \u00a0marketingu, dizajnu i razvoju web sajtova, Beeznis nudi personalni pristup u oblasti digitalnih re\u0161enja. Ono \u0161to nas izdvaja je na\u0161a strast prema inovacijama i posve\u0107enost pru\u017eanju najboljih mogu\u0107ih re\u0161enja za na\u0161e klijente. Po\u010deli smo kao mali\u2026","_links":{"self":[{"href":"https:\/\/beeznis.rs\/index.php?rest_route=\/wp\/v2\/pages\/2542"}],"collection":[{"href":"https:\/\/beeznis.rs\/index.php?rest_route=\/wp\/v2\/pages"}],"about":[{"href":"https:\/\/beeznis.rs\/index.php?rest_route=\/wp\/v2\/types\/page"}],"author":[{"embeddable":true,"href":"https:\/\/beeznis.rs\/index.php?rest_route=\/wp\/v2\/users\/1"}],"replies":[{"embeddable":true,"href":"https:\/\/beeznis.rs\/index.php?rest_route=%2Fwp%2Fv2%2Fcomments&post=2542"}],"version-history":[{"count":1,"href":"https:\/\/beeznis.rs\/index.php?rest_route=\/wp\/v2\/pages\/2542\/revisions"}],"predecessor-version":[{"id":2544,"href":"https:\/\/beeznis.rs\/index.php?rest_route=\/wp\/v2\/pages\/2542\/revisions\/2544"}],"wp:attachment":[{"href":"https:\/\/beeznis.rs\/index.php?rest_route=%2Fwp%2Fv2%2Fmedia&parent=2542"}],"curies":[{"name":"wp","href":"https:\/\/api.w.org\/{rel}","templated":true}]}}